{"id":1409,"date":"2018-12-09T08:44:10","date_gmt":"2018-12-09T07:44:10","guid":{"rendered":"http:\/\/thesnowboardingfamily.com\/V1\/?page_id=1409"},"modified":"2018-12-09T08:54:45","modified_gmt":"2018-12-09T07:54:45","slug":"datenschutzerklaerung","status":"publish","type":"page","link":"https:\/\/thesnowboardingfamily.com\/V1\/datenschutzerklaerung\/","title":{"rendered":"Datenschutzerkl\u00e4rung"},"content":{"rendered":"<h3 id=\"heading_Erklaerung_zur_Informationspflicht_2\">Erkl\u00e4rung zur Informationspflicht &#8211;\u00a0Datenschutzerkl\u00e4rung<\/h3>\n<p>Der Schutz Ihrer pers\u00f6nlichen Daten ist uns ein besonderes Anliegen. Wir verarbeiten Ihre Daten daher ausschlie\u00dflich auf Grundlage der gesetzlichen Bestimmungen (DSGVO, TKG 2003). In diesen Datenschutzinformationen informieren wir Sie \u00fcber die wichtigsten Aspekte der Datenverarbeitung im Rahmen unserer Website.<\/p>\n<h4 id=\"heading_Kontakt_mit_uns\">Kontakt mit uns<\/h4>\n<p>Wenn Sie per E-Mail Kontakt mit uns aufnehmen, werden Ihre angegebenen Daten zwecks Bearbeitung der Anfrage und f\u00fcr den Fall von Anschlussfragen sechs Monate bei uns gespeichert. Diese Daten geben wir nicht ohne Ihre Einwilligung weiter.<\/p>\n<h4 id=\"heading_Datenspeicherung\">Datenspeicherung<\/h4>\n<p>Unsere Website sammelt keine Daten und s\u00e4mtliche Funktionen wie Cookies, Formulare etc. wurden von uns wo m\u00f6glich deaktiviert.<\/p>\n<h4 id=\"heading_Web_Analyse\">Web-Analyse<\/h4>\n<p>Unsere Website verwendet Funktionen keine Webanalysedienstes, jedoch werden Daten zur Nutzung (Trafic) vom Provider sprit.org erhoben um die Usability zu verbessern.<\/p>\n<h4 id=\"heading_Web_Analyse\">Eingebettete Inhalte anderer Websites<\/h4>\n<p>Beitr\u00e4ge auf dieser Website k\u00f6nnen eingebettete Inhalte beinhalten (z. B. Videos, Bilder, Beitr\u00e4ge etc.). Eingebettete Inhalte von anderen Websites verhalten sich exakt so, als ob der Besucher die andere Website besucht h\u00e4tte.<\/p>\n<p>Diese Websites k\u00f6nnen Daten \u00fcber dich sammeln, Cookies benutzen, zus\u00e4tzliche Tracking-Dienste von Dritten einbetten und deine Interaktion mit diesem eingebetteten Inhalt aufzeichnen, inklusive deiner Interaktion mit dem eingebetteten Inhalt, falls du ein Konto hast und auf dieser Website angemeldet bist.<\/p>\n<h4 id=\"heading_Sie_erreichen_uns_unter_folgenden_Kontaktdaten_\">Sie erreichen uns unter folgenden Kontaktdaten:<\/h4>\n<p>Lilo Krebernik, 0660 5366464, lilo[at]krebernik.at<\/p>\n","protected":false},"excerpt":{"rendered":"<p>Erkl\u00e4rung zur Informationspflicht &#8211;\u00a0Datenschutzerkl\u00e4rung Der Schutz Ihrer pers\u00f6nlichen Daten ist uns ein besonderes Anliegen. Wir verarbeiten Ihre Daten daher ausschlie\u00dflich auf Grundlage der gesetzlichen Bestimmungen (DSGVO, TKG 2003). In diesen Datenschutzinformationen informieren wir Sie \u00fcber die wichtigsten Aspekte der Datenverarbeitung im Rahmen unserer Website. Kontakt mit uns Wenn Sie per E-Mail Kontakt mit uns aufnehmen, [&hellip;]<\/p>\n","protected":false},"author":1,"featured_media":0,"parent":0,"menu_order":0,"comment_status":"closed","ping_status":"closed","template":"","meta":{"footnotes":""},"class_list":["post-1409","page","type-page","status-publish","hentry"],"_links":{"self":[{"href":"https:\/\/thesnowboardingfamily.com\/V1\/wp-json\/wp\/v2\/pages\/1409","targetHints":{"allow":["GET"]}}],"collection":[{"href":"https:\/\/thesnowboardingfamily.com\/V1\/wp-json\/wp\/v2\/pages"}],"about":[{"href":"https:\/\/thesnowboardingfamily.com\/V1\/wp-json\/wp\/v2\/types\/page"}],"author":[{"embeddable":true,"href":"https:\/\/thesnowboardingfamily.com\/V1\/wp-json\/wp\/v2\/users\/1"}],"replies":[{"embeddable":true,"href":"https:\/\/thesnowboardingfamily.com\/V1\/wp-json\/wp\/v2\/comments?post=1409"}],"version-history":[{"count":3,"href":"https:\/\/thesnowboardingfamily.com\/V1\/wp-json\/wp\/v2\/pages\/1409\/revisions"}],"predecessor-version":[{"id":1423,"href":"https:\/\/thesnowboardingfamily.com\/V1\/wp-json\/wp\/v2\/pages\/1409\/revisions\/1423"}],"wp:attachment":[{"href":"https:\/\/thesnowboardingfamily.com\/V1\/wp-json\/wp\/v2\/media?parent=1409"}],"curies":[{"name":"wp","href":"https:\/\/api.w.org\/{rel}","templated":true}]}}